{"id":159,"date":"2021-05-20T15:01:00","date_gmt":"2021-05-20T19:01:00","guid":{"rendered":"https:\/\/crear.org.do\/?page_id=159"},"modified":"2021-05-21T20:37:37","modified_gmt":"2021-05-22T00:37:37","slug":"transparencia","status":"publish","type":"page","link":"https:\/\/crear.org.do\/index.php\/transparencia\/","title":{"rendered":"Transparencia"},"content":{"rendered":"<p>El Centro Regional de Estudios de Alternativas Rurales &#8211; CREAR tiene como objetivo dar a conocer las acciones y decisiones tomadas en el Centro de Estudios, con el prop\u00f3sito de estrechar la relaci\u00f3n entre la sociedad y el CREAR, al mismo tiempo dinamizar la participaci\u00f3n de la sociedad en nuestras operaciones.<\/p>\n<p>Para cumplir de forma eficiente, con estos prop\u00f3sitos, se decide la creaci\u00f3n del portal de Transparencia en nuestra pagina web.<\/p>\n<blockquote><p>A continuaci\u00f3n, los enlaces que competen nuestro portal:<\/p><\/blockquote>\n<ul>\n<li>\n<blockquote><p><a href=\"https:\/\/crear.org.do\/index.php\/presupuestos\/\" target=\"_blank\" rel=\"noopener\">Presupuestos<\/a><\/p><\/blockquote>\n<\/li>\n<li>\n<blockquote><p><a href=\"https:\/\/crear.org.do\/index.php\/gastos\/\" target=\"_blank\" rel=\"noopener\">Gastos<\/a><\/p><\/blockquote>\n<\/li>\n<li>\n<blockquote><p><a href=\"https:\/\/crear.org.do\/index.php\/nomina\/\" target=\"_blank\" rel=\"noopener\">Nomina<\/a><\/p><\/blockquote>\n<\/li>\n<\/ul>\n","protected":false},"excerpt":{"rendered":"<p>El Centro Regional de Estudios de Alternativas Rurales &#8211; CREAR tiene como objetivo dar a conocer las acciones y decisiones tomadas en el Centro de Estudios, con el prop\u00f3sito de estrechar la relaci\u00f3n entre la sociedad y el CREAR, al mismo tiempo dinamizar la participaci\u00f3n de la sociedad en nuestras operaciones. Para cumplir de forma &hellip; <\/p>\n<p><a class=\"more-link btn\" href=\"https:\/\/crear.org.do\/index.php\/transparencia\/\">Seguir leyendo<\/a><\/p>\n","protected":false},"author":1,"featured_media":0,"parent":0,"menu_order":0,"comment_status":"closed","ping_status":"closed","template":"","meta":{"footnotes":""},"class_list":["post-159","page","type-page","status-publish","hentry","nodate","item-wrap"],"_links":{"self":[{"href":"https:\/\/crear.org.do\/index.php\/wp-json\/wp\/v2\/pages\/159","targetHints":{"allow":["GET"]}}],"collection":[{"href":"https:\/\/crear.org.do\/index.php\/wp-json\/wp\/v2\/pages"}],"about":[{"href":"https:\/\/crear.org.do\/index.php\/wp-json\/wp\/v2\/types\/page"}],"author":[{"embeddable":true,"href":"https:\/\/crear.org.do\/index.php\/wp-json\/wp\/v2\/users\/1"}],"replies":[{"embeddable":true,"href":"https:\/\/crear.org.do\/index.php\/wp-json\/wp\/v2\/comments?post=159"}],"version-history":[{"count":6,"href":"https:\/\/crear.org.do\/index.php\/wp-json\/wp\/v2\/pages\/159\/revisions"}],"predecessor-version":[{"id":201,"href":"https:\/\/crear.org.do\/index.php\/wp-json\/wp\/v2\/pages\/159\/revisions\/201"}],"wp:attachment":[{"href":"https:\/\/crear.org.do\/index.php\/wp-json\/wp\/v2\/media?parent=159"}],"curies":[{"name":"wp","href":"https:\/\/api.w.org\/{rel}","templated":true}]}}